{"id":94,"date":"2019-02-12T12:23:58","date_gmt":"2019-02-12T12:23:58","guid":{"rendered":"http:\/\/fischersv-zapfendorf.de\/?page_id=94"},"modified":"2026-03-11T16:46:51","modified_gmt":"2026-03-11T16:46:51","slug":"arbeitseinsaetze","status":"publish","type":"page","link":"https:\/\/fischersv-zapfendorf.de\/?page_id=94","title":{"rendered":"Arbeitseins\u00e4tze"},"content":{"rendered":"\n<p><strong>Arbeitseins\u00e4tze f\u00fcr das Jahr 202<\/strong>6<\/p>\n\n\n\n<figure class=\"wp-block-table\"><table><tbody><tr><td>1. Arbeitsdienst am 21.02.2026 (Gew\u00e4sserufer, Holz)<\/td><\/tr><tr><td>2. Arbeitsdienst am 28.03.2026<\/td><\/tr><tr><td>3. Arbeitsdienst am 09.05.2026<\/td><\/tr><tr><td>4. Arbeitsdienst am 11.07.2026<\/td><\/tr><tr><td>5. Arbeitsdienst am 26.09.2026<\/td><\/tr><\/tbody><\/table><figcaption class=\"wp-element-caption\"> <strong>!!! Bitte in der App Vereinsplaner zum Arbeitsdienst anmelden !!!<\/strong><\/figcaption><\/figure>\n\n\n\n<p>Weitere kleinere Arbeitsdienste werden kurzfristig angek\u00fcndigt.<\/p>\n\n\n\n<div class=\"wp-block-columns is-layout-flex wp-container-core-columns-is-layout-1 wp-block-columns-is-layout-flex\">\n<div class=\"wp-block-column is-layout-flow wp-block-column-is-layout-flow\" style=\"flex-basis:100%\"><\/div>\n<\/div>\n","protected":false},"excerpt":{"rendered":"<p>Arbeitseins\u00e4tze f\u00fcr das Jahr 2026 1. Arbeitsdienst am 21.02.2026 (Gew\u00e4sserufer, Holz) 2. Arbeitsdienst am 28.03.2026 3. Arbeitsdienst am 09.05.2026 4. Arbeitsdienst am 11.07.2026 5. Arbeitsdienst am 26.09.2026 !!! Bitte in der App Vereinsplaner zum Arbeitsdienst anmelden !!! Weitere kleinere Arbeitsdienste werden kurzfristig angek\u00fcndigt.<\/p>\n","protected":false},"author":1,"featured_media":0,"parent":0,"menu_order":0,"comment_status":"closed","ping_status":"closed","template":"","meta":{"footnotes":""},"class_list":["post-94","page","type-page","status-publish","hentry"],"yoast_head":"<!-- This site is optimized with the Yoast SEO plugin v26.8 - https:\/\/yoast.com\/product\/yoast-seo-wordpress\/ -->\n<title>Arbeitseins\u00e4tze - Sportfischerverein Zapfendorf<\/title>\n<meta name=\"robots\" content=\"index, follow, max-snippet:-1, max-image-preview:large, max-video-preview:-1\" \/>\n<link rel=\"canonical\" href=\"https:\/\/fischersv-zapfendorf.de\/?page_id=94\" \/>\n<meta property=\"og:locale\" content=\"de_DE\" \/>\n<meta property=\"og:type\" content=\"article\" \/>\n<meta property=\"og:title\" content=\"Arbeitseins\u00e4tze - Sportfischerverein Zapfendorf\" \/>\n<meta property=\"og:description\" content=\"Arbeitseins\u00e4tze f\u00fcr das Jahr 2026 1. Arbeitsdienst am 21.02.2026 (Gew\u00e4sserufer, Holz) 2. Arbeitsdienst am 28.03.2026 3. Arbeitsdienst am 09.05.2026 4. Arbeitsdienst am 11.07.2026 5. Arbeitsdienst am 26.09.2026 !!! Bitte in der App Vereinsplaner zum Arbeitsdienst anmelden !!! Weitere kleinere Arbeitsdienste werden kurzfristig angek\u00fcndigt.\" \/>\n<meta property=\"og:url\" content=\"https:\/\/fischersv-zapfendorf.de\/?page_id=94\" \/>\n<meta property=\"og:site_name\" content=\"Sportfischerverein Zapfendorf\" \/>\n<meta property=\"article:modified_time\" content=\"2026-03-11T16:46:51+00:00\" \/>\n<meta name=\"twitter:card\" content=\"summary_large_image\" \/>\n<meta name=\"twitter:label1\" content=\"Gesch\u00e4tzte Lesezeit\" \/>\n\t<meta name=\"twitter:data1\" content=\"1\u00a0Minute\" \/>\n<script type=\"application\/ld+json\" class=\"yoast-schema-graph\">{\"@context\":\"https:\/\/schema.org\",\"@graph\":[{\"@type\":\"WebPage\",\"@id\":\"https:\/\/fischersv-zapfendorf.de\/?page_id=94\",\"url\":\"https:\/\/fischersv-zapfendorf.de\/?page_id=94\",\"name\":\"Arbeitseins\u00e4tze - Sportfischerverein Zapfendorf\",\"isPartOf\":{\"@id\":\"https:\/\/fischersv-zapfendorf.de\/#website\"},\"datePublished\":\"2019-02-12T12:23:58+00:00\",\"dateModified\":\"2026-03-11T16:46:51+00:00\",\"breadcrumb\":{\"@id\":\"https:\/\/fischersv-zapfendorf.de\/?page_id=94#breadcrumb\"},\"inLanguage\":\"de\",\"potentialAction\":[{\"@type\":\"ReadAction\",\"target\":[\"https:\/\/fischersv-zapfendorf.de\/?page_id=94\"]}]},{\"@type\":\"BreadcrumbList\",\"@id\":\"https:\/\/fischersv-zapfendorf.de\/?page_id=94#breadcrumb\",\"itemListElement\":[{\"@type\":\"ListItem\",\"position\":1,\"name\":\"Startseite\",\"item\":\"https:\/\/fischersv-zapfendorf.de\/\"},{\"@type\":\"ListItem\",\"position\":2,\"name\":\"Arbeitseins\u00e4tze\"}]},{\"@type\":\"WebSite\",\"@id\":\"https:\/\/fischersv-zapfendorf.de\/#website\",\"url\":\"https:\/\/fischersv-zapfendorf.de\/\",\"name\":\"Sportfischerverein Zapfendorf\",\"description\":\"und Umgebung e.V.\",\"potentialAction\":[{\"@type\":\"SearchAction\",\"target\":{\"@type\":\"EntryPoint\",\"urlTemplate\":\"https:\/\/fischersv-zapfendorf.de\/?s={search_term_string}\"},\"query-input\":{\"@type\":\"PropertyValueSpecification\",\"valueRequired\":true,\"valueName\":\"search_term_string\"}}],\"inLanguage\":\"de\"}]}<\/script>\n<!-- \/ Yoast SEO plugin. -->","yoast_head_json":{"title":"Arbeitseins\u00e4tze - Sportfischerverein Zapfendorf","robots":{"index":"index","follow":"follow","max-snippet":"max-snippet:-1","max-image-preview":"max-image-preview:large","max-video-preview":"max-video-preview:-1"},"canonical":"https:\/\/fischersv-zapfendorf.de\/?page_id=94","og_locale":"de_DE","og_type":"article","og_title":"Arbeitseins\u00e4tze - Sportfischerverein Zapfendorf","og_description":"Arbeitseins\u00e4tze f\u00fcr das Jahr 2026 1. Arbeitsdienst am 21.02.2026 (Gew\u00e4sserufer, Holz) 2. Arbeitsdienst am 28.03.2026 3. Arbeitsdienst am 09.05.2026 4. Arbeitsdienst am 11.07.2026 5. Arbeitsdienst am 26.09.2026 !!! Bitte in der App Vereinsplaner zum Arbeitsdienst anmelden !!! Weitere kleinere Arbeitsdienste werden kurzfristig angek\u00fcndigt.","og_url":"https:\/\/fischersv-zapfendorf.de\/?page_id=94","og_site_name":"Sportfischerverein Zapfendorf","article_modified_time":"2026-03-11T16:46:51+00:00","twitter_card":"summary_large_image","twitter_misc":{"Gesch\u00e4tzte Lesezeit":"1\u00a0Minute"},"schema":{"@context":"https:\/\/schema.org","@graph":[{"@type":"WebPage","@id":"https:\/\/fischersv-zapfendorf.de\/?page_id=94","url":"https:\/\/fischersv-zapfendorf.de\/?page_id=94","name":"Arbeitseins\u00e4tze - Sportfischerverein Zapfendorf","isPartOf":{"@id":"https:\/\/fischersv-zapfendorf.de\/#website"},"datePublished":"2019-02-12T12:23:58+00:00","dateModified":"2026-03-11T16:46:51+00:00","breadcrumb":{"@id":"https:\/\/fischersv-zapfendorf.de\/?page_id=94#breadcrumb"},"inLanguage":"de","potentialAction":[{"@type":"ReadAction","target":["https:\/\/fischersv-zapfendorf.de\/?page_id=94"]}]},{"@type":"BreadcrumbList","@id":"https:\/\/fischersv-zapfendorf.de\/?page_id=94#breadcrumb","itemListElement":[{"@type":"ListItem","position":1,"name":"Startseite","item":"https:\/\/fischersv-zapfendorf.de\/"},{"@type":"ListItem","position":2,"name":"Arbeitseins\u00e4tze"}]},{"@type":"WebSite","@id":"https:\/\/fischersv-zapfendorf.de\/#website","url":"https:\/\/fischersv-zapfendorf.de\/","name":"Sportfischerverein Zapfendorf","description":"und Umgebung e.V.","potentialAction":[{"@type":"SearchAction","target":{"@type":"EntryPoint","urlTemplate":"https:\/\/fischersv-zapfendorf.de\/?s={search_term_string}"},"query-input":{"@type":"PropertyValueSpecification","valueRequired":true,"valueName":"search_term_string"}}],"inLanguage":"de"}]}},"_links":{"self":[{"href":"https:\/\/fischersv-zapfendorf.de\/index.php?rest_route=\/wp\/v2\/pages\/94","targetHints":{"allow":["GET"]}}],"collection":[{"href":"https:\/\/fischersv-zapfendorf.de\/index.php?rest_route=\/wp\/v2\/pages"}],"about":[{"href":"https:\/\/fischersv-zapfendorf.de\/index.php?rest_route=\/wp\/v2\/types\/page"}],"author":[{"embeddable":true,"href":"https:\/\/fischersv-zapfendorf.de\/index.php?rest_route=\/wp\/v2\/users\/1"}],"replies":[{"embeddable":true,"href":"https:\/\/fischersv-zapfendorf.de\/index.php?rest_route=%2Fwp%2Fv2%2Fcomments&post=94"}],"version-history":[{"count":17,"href":"https:\/\/fischersv-zapfendorf.de\/index.php?rest_route=\/wp\/v2\/pages\/94\/revisions"}],"predecessor-version":[{"id":791,"href":"https:\/\/fischersv-zapfendorf.de\/index.php?rest_route=\/wp\/v2\/pages\/94\/revisions\/791"}],"wp:attachment":[{"href":"https:\/\/fischersv-zapfendorf.de\/index.php?rest_route=%2Fwp%2Fv2%2Fmedia&parent=94"}],"curies":[{"name":"wp","href":"https:\/\/api.w.org\/{rel}","templated":true}]}}