{"id":93,"date":"2019-02-12T12:23:58","date_gmt":"2019-02-12T12:23:58","guid":{"rendered":"http:\/\/fischersv-zapfendorf.de\/?page_id=93"},"modified":"2026-01-26T10:25:13","modified_gmt":"2026-01-26T10:25:13","slug":"kartenverkauf","status":"publish","type":"page","link":"https:\/\/fischersv-zapfendorf.de\/?page_id=93","title":{"rendered":"Kartenverkauf"},"content":{"rendered":"\n<p>Der Kartenverkauf erfolgt grunds\u00e4tzlich nur am 06.01.26 und am 25.01.26 und an den Arbeitsdiensten.<br>Der Kartenverkauf au\u00dferhalb dieser Termine erfolgt postalisch und es wird eine Bearbeitungsgeb\u00fchr<br>von 20 EUR erhoben.<br><\/p>\n\n\n\n<figure class=\"wp-block-table is-style-stripes\"><table><tbody><tr><td>Jahreskarte Erwachsene (nur f\u00fcr Mitglieder)<\/td><td>150,00\u20ac<\/td><\/tr><tr><td>Arbeitsdienstpauschale 10h<\/td><td>80,00\u20ac<\/td><\/tr><tr><td>Jahreskarte 0-16 Jahre (nur f\u00fcr Mitglieder)<\/td><td>25,00\u20ac<\/td><\/tr><tr><td>Jahreskarte 17-18 Jahre (nur f\u00fcr Mitglieder)<\/td><td>60,00\u20ac<\/td><\/tr><tr><td>Arbeitsdienstpauschale 10h<\/td><td>50,00\u20ac<\/td><\/tr><tr><td>&nbsp;Jahreskarte 19-21 Jahre (nur f\u00fcr Mitglieder)                 <\/td><td>&nbsp;130,00\u20ac<\/td><\/tr><tr><td>Arbeitsdienstpauschale 10h<\/td><td>80,00\u20ac<\/td><\/tr><tr><td>Tageskarte (in Verbindung mit einem Mitglied)<\/td><td>25,00\u20ac<\/td><\/tr><tr><td>Wochenkarte (in Verbindung mit einem Mitglied)<\/td><td>100,00\u20ac<\/td><\/tr><tr><td>Tageskarte Jugendliche (eine Rute)<\/td><td>10,00\u20ac<\/td><\/tr><\/tbody><\/table><\/figure>\n","protected":false},"excerpt":{"rendered":"<p>Der Kartenverkauf erfolgt grunds\u00e4tzlich nur am 06.01.26 und am 25.01.26 und an den Arbeitsdiensten.Der Kartenverkauf au\u00dferhalb dieser Termine erfolgt postalisch und es wird eine Bearbeitungsgeb\u00fchrvon 20 EUR erhoben. Jahreskarte Erwachsene (nur f\u00fcr Mitglieder) 150,00\u20ac Arbeitsdienstpauschale 10h 80,00\u20ac Jahreskarte 0-16 Jahre (nur f\u00fcr Mitglieder) 25,00\u20ac Jahreskarte 17-18 Jahre (nur f\u00fcr Mitglieder) 60,00\u20ac Arbeitsdienstpauschale 10h 50,00\u20ac &nbsp;Jahreskarte [&hellip;]<\/p>\n","protected":false},"author":1,"featured_media":0,"parent":0,"menu_order":0,"comment_status":"closed","ping_status":"closed","template":"","meta":{"footnotes":""},"class_list":["post-93","page","type-page","status-publish","hentry"],"yoast_head":"<!-- This site is optimized with the Yoast SEO plugin v26.8 - https:\/\/yoast.com\/product\/yoast-seo-wordpress\/ -->\n<title>Kartenverkauf - Sportfischerverein Zapfendorf<\/title>\n<meta name=\"robots\" content=\"index, follow, max-snippet:-1, max-image-preview:large, max-video-preview:-1\" \/>\n<link rel=\"canonical\" href=\"https:\/\/fischersv-zapfendorf.de\/?page_id=93\" \/>\n<meta property=\"og:locale\" content=\"de_DE\" \/>\n<meta property=\"og:type\" content=\"article\" \/>\n<meta property=\"og:title\" content=\"Kartenverkauf - Sportfischerverein Zapfendorf\" \/>\n<meta property=\"og:description\" content=\"Der Kartenverkauf erfolgt grunds\u00e4tzlich nur am 06.01.26 und am 25.01.26 und an den Arbeitsdiensten.Der Kartenverkauf au\u00dferhalb dieser Termine erfolgt postalisch und es wird eine Bearbeitungsgeb\u00fchrvon 20 EUR erhoben. Jahreskarte Erwachsene (nur f\u00fcr Mitglieder) 150,00\u20ac Arbeitsdienstpauschale 10h 80,00\u20ac Jahreskarte 0-16 Jahre (nur f\u00fcr Mitglieder) 25,00\u20ac Jahreskarte 17-18 Jahre (nur f\u00fcr Mitglieder) 60,00\u20ac Arbeitsdienstpauschale 10h 50,00\u20ac &nbsp;Jahreskarte [&hellip;]\" \/>\n<meta property=\"og:url\" content=\"https:\/\/fischersv-zapfendorf.de\/?page_id=93\" \/>\n<meta property=\"og:site_name\" content=\"Sportfischerverein Zapfendorf\" \/>\n<meta property=\"article:modified_time\" content=\"2026-01-26T10:25:13+00:00\" \/>\n<meta name=\"twitter:card\" content=\"summary_large_image\" \/>\n<meta name=\"twitter:label1\" content=\"Gesch\u00e4tzte Lesezeit\" \/>\n\t<meta name=\"twitter:data1\" content=\"1\u00a0Minute\" \/>\n<script type=\"application\/ld+json\" class=\"yoast-schema-graph\">{\"@context\":\"https:\/\/schema.org\",\"@graph\":[{\"@type\":\"WebPage\",\"@id\":\"https:\/\/fischersv-zapfendorf.de\/?page_id=93\",\"url\":\"https:\/\/fischersv-zapfendorf.de\/?page_id=93\",\"name\":\"Kartenverkauf - Sportfischerverein Zapfendorf\",\"isPartOf\":{\"@id\":\"https:\/\/fischersv-zapfendorf.de\/#website\"},\"datePublished\":\"2019-02-12T12:23:58+00:00\",\"dateModified\":\"2026-01-26T10:25:13+00:00\",\"breadcrumb\":{\"@id\":\"https:\/\/fischersv-zapfendorf.de\/?page_id=93#breadcrumb\"},\"inLanguage\":\"de\",\"potentialAction\":[{\"@type\":\"ReadAction\",\"target\":[\"https:\/\/fischersv-zapfendorf.de\/?page_id=93\"]}]},{\"@type\":\"BreadcrumbList\",\"@id\":\"https:\/\/fischersv-zapfendorf.de\/?page_id=93#breadcrumb\",\"itemListElement\":[{\"@type\":\"ListItem\",\"position\":1,\"name\":\"Startseite\",\"item\":\"https:\/\/fischersv-zapfendorf.de\/\"},{\"@type\":\"ListItem\",\"position\":2,\"name\":\"Kartenverkauf\"}]},{\"@type\":\"WebSite\",\"@id\":\"https:\/\/fischersv-zapfendorf.de\/#website\",\"url\":\"https:\/\/fischersv-zapfendorf.de\/\",\"name\":\"Sportfischerverein Zapfendorf\",\"description\":\"und Umgebung e.V.\",\"potentialAction\":[{\"@type\":\"SearchAction\",\"target\":{\"@type\":\"EntryPoint\",\"urlTemplate\":\"https:\/\/fischersv-zapfendorf.de\/?s={search_term_string}\"},\"query-input\":{\"@type\":\"PropertyValueSpecification\",\"valueRequired\":true,\"valueName\":\"search_term_string\"}}],\"inLanguage\":\"de\"}]}<\/script>\n<!-- \/ Yoast SEO plugin. -->","yoast_head_json":{"title":"Kartenverkauf - Sportfischerverein Zapfendorf","robots":{"index":"index","follow":"follow","max-snippet":"max-snippet:-1","max-image-preview":"max-image-preview:large","max-video-preview":"max-video-preview:-1"},"canonical":"https:\/\/fischersv-zapfendorf.de\/?page_id=93","og_locale":"de_DE","og_type":"article","og_title":"Kartenverkauf - Sportfischerverein Zapfendorf","og_description":"Der Kartenverkauf erfolgt grunds\u00e4tzlich nur am 06.01.26 und am 25.01.26 und an den Arbeitsdiensten.Der Kartenverkauf au\u00dferhalb dieser Termine erfolgt postalisch und es wird eine Bearbeitungsgeb\u00fchrvon 20 EUR erhoben. Jahreskarte Erwachsene (nur f\u00fcr Mitglieder) 150,00\u20ac Arbeitsdienstpauschale 10h 80,00\u20ac Jahreskarte 0-16 Jahre (nur f\u00fcr Mitglieder) 25,00\u20ac Jahreskarte 17-18 Jahre (nur f\u00fcr Mitglieder) 60,00\u20ac Arbeitsdienstpauschale 10h 50,00\u20ac &nbsp;Jahreskarte [&hellip;]","og_url":"https:\/\/fischersv-zapfendorf.de\/?page_id=93","og_site_name":"Sportfischerverein Zapfendorf","article_modified_time":"2026-01-26T10:25:13+00:00","twitter_card":"summary_large_image","twitter_misc":{"Gesch\u00e4tzte Lesezeit":"1\u00a0Minute"},"schema":{"@context":"https:\/\/schema.org","@graph":[{"@type":"WebPage","@id":"https:\/\/fischersv-zapfendorf.de\/?page_id=93","url":"https:\/\/fischersv-zapfendorf.de\/?page_id=93","name":"Kartenverkauf - Sportfischerverein Zapfendorf","isPartOf":{"@id":"https:\/\/fischersv-zapfendorf.de\/#website"},"datePublished":"2019-02-12T12:23:58+00:00","dateModified":"2026-01-26T10:25:13+00:00","breadcrumb":{"@id":"https:\/\/fischersv-zapfendorf.de\/?page_id=93#breadcrumb"},"inLanguage":"de","potentialAction":[{"@type":"ReadAction","target":["https:\/\/fischersv-zapfendorf.de\/?page_id=93"]}]},{"@type":"BreadcrumbList","@id":"https:\/\/fischersv-zapfendorf.de\/?page_id=93#breadcrumb","itemListElement":[{"@type":"ListItem","position":1,"name":"Startseite","item":"https:\/\/fischersv-zapfendorf.de\/"},{"@type":"ListItem","position":2,"name":"Kartenverkauf"}]},{"@type":"WebSite","@id":"https:\/\/fischersv-zapfendorf.de\/#website","url":"https:\/\/fischersv-zapfendorf.de\/","name":"Sportfischerverein Zapfendorf","description":"und Umgebung e.V.","potentialAction":[{"@type":"SearchAction","target":{"@type":"EntryPoint","urlTemplate":"https:\/\/fischersv-zapfendorf.de\/?s={search_term_string}"},"query-input":{"@type":"PropertyValueSpecification","valueRequired":true,"valueName":"search_term_string"}}],"inLanguage":"de"}]}},"_links":{"self":[{"href":"https:\/\/fischersv-zapfendorf.de\/index.php?rest_route=\/wp\/v2\/pages\/93","targetHints":{"allow":["GET"]}}],"collection":[{"href":"https:\/\/fischersv-zapfendorf.de\/index.php?rest_route=\/wp\/v2\/pages"}],"about":[{"href":"https:\/\/fischersv-zapfendorf.de\/index.php?rest_route=\/wp\/v2\/types\/page"}],"author":[{"embeddable":true,"href":"https:\/\/fischersv-zapfendorf.de\/index.php?rest_route=\/wp\/v2\/users\/1"}],"replies":[{"embeddable":true,"href":"https:\/\/fischersv-zapfendorf.de\/index.php?rest_route=%2Fwp%2Fv2%2Fcomments&post=93"}],"version-history":[{"count":14,"href":"https:\/\/fischersv-zapfendorf.de\/index.php?rest_route=\/wp\/v2\/pages\/93\/revisions"}],"predecessor-version":[{"id":788,"href":"https:\/\/fischersv-zapfendorf.de\/index.php?rest_route=\/wp\/v2\/pages\/93\/revisions\/788"}],"wp:attachment":[{"href":"https:\/\/fischersv-zapfendorf.de\/index.php?rest_route=%2Fwp%2Fv2%2Fmedia&parent=93"}],"curies":[{"name":"wp","href":"https:\/\/api.w.org\/{rel}","templated":true}]}}