{"id":9,"date":"2019-02-10T17:35:15","date_gmt":"2019-02-10T17:35:15","guid":{"rendered":"http:\/\/fischersv-zapfendorf.de\/?page_id=9"},"modified":"2026-01-26T10:23:59","modified_gmt":"2026-01-26T10:23:59","slug":"vorstandschaft","status":"publish","type":"page","link":"https:\/\/fischersv-zapfendorf.de\/?page_id=9","title":{"rendered":"Vorstandschaft"},"content":{"rendered":"\n<p>Die aktuelle Vorstandschaft wird vertreten durch:<\/p>\n\n\n\n<figure class=\"wp-block-table is-style-stripes\"><table><tbody><tr><td>1. Vorstand   <\/td><td>Frank Einwag <\/td><td>0172\/7515042<\/td><td><\/td><td>\n  &nbsp;\n  <\/td><\/tr><tr><td>2. Vorstand   <\/td><td>Matthias Starke<\/td><td>01514\/4001068<\/td><td><\/td><td>\n  &nbsp;\n  <\/td><\/tr><tr><td>Schatzmeister<\/td><td>Danilo Bresgen<\/td><td>0176\/73539532<\/td><td><\/td><td>   &nbsp; sfvzzapfendorf@gmail.com  <\/td><\/tr><tr><td>1. Schriftf\u00fchrer<\/td><td>Nicole Groh<\/td><td><\/td><td><\/td><td><\/td><\/tr><tr><td>2. Schriftf\u00fchrer<\/td><td>Maximilian Weigand<\/td><td><\/td><td><\/td><td><\/td><\/tr><tr><td>1. Gew\u00e4sserwart   <\/td><td>Fabian M\u00fcller   <\/td><td>0171\/2747558<\/td><td><\/td><td>\n  &nbsp;\n  <\/td><\/tr><tr><td>2. Gew\u00e4sserwart<\/td><td>Rene M\u00fcller<\/td><td>01512\/0001650<\/td><td><\/td><td><\/td><\/tr><tr><td>1. Jugendleiter   <\/td><td>Nora Einbecker<\/td><td>01516\/4332052<\/td><td><\/td><td>\n  &nbsp;\n  <\/td><\/tr><tr><td>2. Jugendleiter   <\/td><td>Laura Kirsche<\/td><td>01512\/0561458<\/td><td><\/td><td>\n  &nbsp;\n  <\/td><\/tr><tr><td>Beisitzer<\/td><td>Sebastian Bayer<\/td><td><\/td><td><\/td><td><\/td><\/tr><tr><td>Beisitzer<\/td><td>Markus Bayer<\/td><td><\/td><td><\/td><td><\/td><\/tr><tr><td>Beisitzer<\/td><td>Jens Eichhorn<\/td><td><\/td><td><\/td><td><\/td><\/tr><tr><td>Beisitzer<\/td><td>Patrick Heathfield<\/td><td><\/td><td><\/td><td><\/td><\/tr><tr><td>Beisitzer        <\/td><td>Michael Plobner<\/td><td><\/td><td><\/td><td><\/td><\/tr><tr><td>Beisitzer<\/td><td>Jenny Suffa<\/td><td><\/td><td><\/td><td><\/td><\/tr><tr><td>Beisitzer<\/td><td>Dominik Schorn<\/td><td><\/td><td><\/td><td><\/td><\/tr><tr><td>Beisitzer<\/td><td>Matthias Vogel<\/td><td><\/td><td><\/td><td><\/td><\/tr><\/tbody><\/table><\/figure>\n\n\n\n<p><\/p>\n","protected":false},"excerpt":{"rendered":"<p>Die aktuelle Vorstandschaft wird vertreten durch: 1. Vorstand Frank Einwag 0172\/7515042 &nbsp; 2. Vorstand Matthias Starke 01514\/4001068 &nbsp; Schatzmeister Danilo Bresgen 0176\/73539532 &nbsp; sfvzzapfendorf@gmail.com 1. Schriftf\u00fchrer Nicole Groh 2. Schriftf\u00fchrer Maximilian Weigand 1. Gew\u00e4sserwart Fabian M\u00fcller 0171\/2747558 &nbsp; 2. Gew\u00e4sserwart Rene M\u00fcller 01512\/0001650 1. Jugendleiter Nora Einbecker 01516\/4332052 &nbsp; 2. Jugendleiter Laura Kirsche 01512\/0561458 &nbsp; [&hellip;]<\/p>\n","protected":false},"author":1,"featured_media":0,"parent":0,"menu_order":0,"comment_status":"closed","ping_status":"closed","template":"","meta":{"footnotes":""},"class_list":["post-9","page","type-page","status-publish","hentry"],"yoast_head":"<!-- This site is optimized with the Yoast SEO plugin v26.8 - https:\/\/yoast.com\/product\/yoast-seo-wordpress\/ -->\n<title>Vorstandschaft - Sportfischerverein Zapfendorf<\/title>\n<meta name=\"robots\" content=\"index, follow, max-snippet:-1, max-image-preview:large, max-video-preview:-1\" \/>\n<link rel=\"canonical\" href=\"https:\/\/fischersv-zapfendorf.de\/?page_id=9\" \/>\n<meta property=\"og:locale\" content=\"de_DE\" \/>\n<meta property=\"og:type\" content=\"article\" \/>\n<meta property=\"og:title\" content=\"Vorstandschaft - Sportfischerverein Zapfendorf\" \/>\n<meta property=\"og:description\" content=\"Die aktuelle Vorstandschaft wird vertreten durch: 1. Vorstand Frank Einwag 0172\/7515042 &nbsp; 2. Vorstand Matthias Starke 01514\/4001068 &nbsp; Schatzmeister Danilo Bresgen 0176\/73539532 &nbsp; sfvzzapfendorf@gmail.com 1. Schriftf\u00fchrer Nicole Groh 2. Schriftf\u00fchrer Maximilian Weigand 1. Gew\u00e4sserwart Fabian M\u00fcller 0171\/2747558 &nbsp; 2. Gew\u00e4sserwart Rene M\u00fcller 01512\/0001650 1. Jugendleiter Nora Einbecker 01516\/4332052 &nbsp; 2. Jugendleiter Laura Kirsche 01512\/0561458 &nbsp; [&hellip;]\" \/>\n<meta property=\"og:url\" content=\"https:\/\/fischersv-zapfendorf.de\/?page_id=9\" \/>\n<meta property=\"og:site_name\" content=\"Sportfischerverein Zapfendorf\" \/>\n<meta property=\"article:modified_time\" content=\"2026-01-26T10:23:59+00:00\" \/>\n<meta name=\"twitter:card\" content=\"summary_large_image\" \/>\n<meta name=\"twitter:label1\" content=\"Gesch\u00e4tzte Lesezeit\" \/>\n\t<meta name=\"twitter:data1\" content=\"1\u00a0Minute\" \/>\n<script type=\"application\/ld+json\" class=\"yoast-schema-graph\">{\"@context\":\"https:\/\/schema.org\",\"@graph\":[{\"@type\":\"WebPage\",\"@id\":\"https:\/\/fischersv-zapfendorf.de\/?page_id=9\",\"url\":\"https:\/\/fischersv-zapfendorf.de\/?page_id=9\",\"name\":\"Vorstandschaft - Sportfischerverein Zapfendorf\",\"isPartOf\":{\"@id\":\"https:\/\/fischersv-zapfendorf.de\/#website\"},\"datePublished\":\"2019-02-10T17:35:15+00:00\",\"dateModified\":\"2026-01-26T10:23:59+00:00\",\"breadcrumb\":{\"@id\":\"https:\/\/fischersv-zapfendorf.de\/?page_id=9#breadcrumb\"},\"inLanguage\":\"de\",\"potentialAction\":[{\"@type\":\"ReadAction\",\"target\":[\"https:\/\/fischersv-zapfendorf.de\/?page_id=9\"]}]},{\"@type\":\"BreadcrumbList\",\"@id\":\"https:\/\/fischersv-zapfendorf.de\/?page_id=9#breadcrumb\",\"itemListElement\":[{\"@type\":\"ListItem\",\"position\":1,\"name\":\"Startseite\",\"item\":\"https:\/\/fischersv-zapfendorf.de\/\"},{\"@type\":\"ListItem\",\"position\":2,\"name\":\"Vorstandschaft\"}]},{\"@type\":\"WebSite\",\"@id\":\"https:\/\/fischersv-zapfendorf.de\/#website\",\"url\":\"https:\/\/fischersv-zapfendorf.de\/\",\"name\":\"Sportfischerverein Zapfendorf\",\"description\":\"und Umgebung e.V.\",\"potentialAction\":[{\"@type\":\"SearchAction\",\"target\":{\"@type\":\"EntryPoint\",\"urlTemplate\":\"https:\/\/fischersv-zapfendorf.de\/?s={search_term_string}\"},\"query-input\":{\"@type\":\"PropertyValueSpecification\",\"valueRequired\":true,\"valueName\":\"search_term_string\"}}],\"inLanguage\":\"de\"}]}<\/script>\n<!-- \/ Yoast SEO plugin. -->","yoast_head_json":{"title":"Vorstandschaft - Sportfischerverein Zapfendorf","robots":{"index":"index","follow":"follow","max-snippet":"max-snippet:-1","max-image-preview":"max-image-preview:large","max-video-preview":"max-video-preview:-1"},"canonical":"https:\/\/fischersv-zapfendorf.de\/?page_id=9","og_locale":"de_DE","og_type":"article","og_title":"Vorstandschaft - Sportfischerverein Zapfendorf","og_description":"Die aktuelle Vorstandschaft wird vertreten durch: 1. Vorstand Frank Einwag 0172\/7515042 &nbsp; 2. Vorstand Matthias Starke 01514\/4001068 &nbsp; Schatzmeister Danilo Bresgen 0176\/73539532 &nbsp; sfvzzapfendorf@gmail.com 1. Schriftf\u00fchrer Nicole Groh 2. Schriftf\u00fchrer Maximilian Weigand 1. Gew\u00e4sserwart Fabian M\u00fcller 0171\/2747558 &nbsp; 2. Gew\u00e4sserwart Rene M\u00fcller 01512\/0001650 1. Jugendleiter Nora Einbecker 01516\/4332052 &nbsp; 2. Jugendleiter Laura Kirsche 01512\/0561458 &nbsp; [&hellip;]","og_url":"https:\/\/fischersv-zapfendorf.de\/?page_id=9","og_site_name":"Sportfischerverein Zapfendorf","article_modified_time":"2026-01-26T10:23:59+00:00","twitter_card":"summary_large_image","twitter_misc":{"Gesch\u00e4tzte Lesezeit":"1\u00a0Minute"},"schema":{"@context":"https:\/\/schema.org","@graph":[{"@type":"WebPage","@id":"https:\/\/fischersv-zapfendorf.de\/?page_id=9","url":"https:\/\/fischersv-zapfendorf.de\/?page_id=9","name":"Vorstandschaft - Sportfischerverein Zapfendorf","isPartOf":{"@id":"https:\/\/fischersv-zapfendorf.de\/#website"},"datePublished":"2019-02-10T17:35:15+00:00","dateModified":"2026-01-26T10:23:59+00:00","breadcrumb":{"@id":"https:\/\/fischersv-zapfendorf.de\/?page_id=9#breadcrumb"},"inLanguage":"de","potentialAction":[{"@type":"ReadAction","target":["https:\/\/fischersv-zapfendorf.de\/?page_id=9"]}]},{"@type":"BreadcrumbList","@id":"https:\/\/fischersv-zapfendorf.de\/?page_id=9#breadcrumb","itemListElement":[{"@type":"ListItem","position":1,"name":"Startseite","item":"https:\/\/fischersv-zapfendorf.de\/"},{"@type":"ListItem","position":2,"name":"Vorstandschaft"}]},{"@type":"WebSite","@id":"https:\/\/fischersv-zapfendorf.de\/#website","url":"https:\/\/fischersv-zapfendorf.de\/","name":"Sportfischerverein Zapfendorf","description":"und Umgebung e.V.","potentialAction":[{"@type":"SearchAction","target":{"@type":"EntryPoint","urlTemplate":"https:\/\/fischersv-zapfendorf.de\/?s={search_term_string}"},"query-input":{"@type":"PropertyValueSpecification","valueRequired":true,"valueName":"search_term_string"}}],"inLanguage":"de"}]}},"_links":{"self":[{"href":"https:\/\/fischersv-zapfendorf.de\/index.php?rest_route=\/wp\/v2\/pages\/9","targetHints":{"allow":["GET"]}}],"collection":[{"href":"https:\/\/fischersv-zapfendorf.de\/index.php?rest_route=\/wp\/v2\/pages"}],"about":[{"href":"https:\/\/fischersv-zapfendorf.de\/index.php?rest_route=\/wp\/v2\/types\/page"}],"author":[{"embeddable":true,"href":"https:\/\/fischersv-zapfendorf.de\/index.php?rest_route=\/wp\/v2\/users\/1"}],"replies":[{"embeddable":true,"href":"https:\/\/fischersv-zapfendorf.de\/index.php?rest_route=%2Fwp%2Fv2%2Fcomments&post=9"}],"version-history":[{"count":31,"href":"https:\/\/fischersv-zapfendorf.de\/index.php?rest_route=\/wp\/v2\/pages\/9\/revisions"}],"predecessor-version":[{"id":787,"href":"https:\/\/fischersv-zapfendorf.de\/index.php?rest_route=\/wp\/v2\/pages\/9\/revisions\/787"}],"wp:attachment":[{"href":"https:\/\/fischersv-zapfendorf.de\/index.php?rest_route=%2Fwp%2Fv2%2Fmedia&parent=9"}],"curies":[{"name":"wp","href":"https:\/\/api.w.org\/{rel}","templated":true}]}}