{"id":6,"date":"2019-02-10T17:35:15","date_gmt":"2019-02-10T17:35:15","guid":{"rendered":"http:\/\/fischersv-zapfendorf.de\/?page_id=6"},"modified":"2025-12-31T08:27:07","modified_gmt":"2025-12-31T08:27:07","slug":"jugendgruppe","status":"publish","type":"page","link":"https:\/\/fischersv-zapfendorf.de\/?page_id=6","title":{"rendered":"Jugendgruppe"},"content":{"rendered":"\n<p>Die Gruppenstunden f\u00fcr das Jahr 2024 werden zeitnah bekannt gegeben. Wir freuen uns auf euch und haben viele spannende Stunden mit euch geplant. Jederzeit d\u00fcrft ihre eigene Ideen und W\u00fcnsche mit uns besprechen. Neugierig geworden? Dein Kind m\u00f6chte mal zum schnuppern kommen? Dies ist jederzeit zu den Gruppenstunden unter vorheriger telefonischer Anmeldung m\u00f6glich! <\/p>\n\n\n\n<p>Nora Einbecker: 0151-64332052 oder Laura Kirsche 01512-0561458<\/p>\n\n\n\n<p>Petri Heil! Eure Jugendleiter<\/p>\n\n\n\n<p>Weitere Termine findet ihr im Terminplaner der Jugendgruppe.<\/p>\n\n\n\n<div class=\"wp-block-buttons is-layout-flex wp-block-buttons-is-layout-flex\">\n<div class=\"wp-block-button\"><a class=\"wp-block-button__link wp-element-button\" href=\"https:\/\/fischersv-zapfendorf.de\/?page_id=11\">Termine<\/a><\/div>\n<\/div>\n\n\n\n<div class=\"wp-block-buttons is-layout-flex wp-block-buttons-is-layout-flex\">\n<div class=\"wp-block-button\"><a class=\"wp-block-button__link wp-element-button\" href=\"https:\/\/fischersv-zapfendorf.de\/?page_id=571\">Berichte \/ Neuigkeiten<\/a><\/div>\n<\/div>\n","protected":false},"excerpt":{"rendered":"<p>Die Gruppenstunden f\u00fcr das Jahr 2024 werden zeitnah bekannt gegeben. Wir freuen uns auf euch und haben viele spannende Stunden mit euch geplant. Jederzeit d\u00fcrft ihre eigene Ideen und W\u00fcnsche mit uns besprechen. Neugierig geworden? Dein Kind m\u00f6chte mal zum schnuppern kommen? Dies ist jederzeit zu den Gruppenstunden unter vorheriger telefonischer Anmeldung m\u00f6glich! Nora Einbecker: [&hellip;]<\/p>\n","protected":false},"author":1,"featured_media":0,"parent":0,"menu_order":0,"comment_status":"closed","ping_status":"closed","template":"","meta":{"footnotes":""},"class_list":["post-6","page","type-page","status-publish","hentry"],"yoast_head":"<!-- This site is optimized with the Yoast SEO plugin v26.8 - https:\/\/yoast.com\/product\/yoast-seo-wordpress\/ -->\n<title>Jugendgruppe - Sportfischerverein Zapfendorf<\/title>\n<meta name=\"robots\" content=\"index, follow, max-snippet:-1, max-image-preview:large, max-video-preview:-1\" \/>\n<link rel=\"canonical\" href=\"https:\/\/fischersv-zapfendorf.de\/?page_id=6\" \/>\n<meta property=\"og:locale\" content=\"de_DE\" \/>\n<meta property=\"og:type\" content=\"article\" \/>\n<meta property=\"og:title\" content=\"Jugendgruppe - Sportfischerverein Zapfendorf\" \/>\n<meta property=\"og:description\" content=\"Die Gruppenstunden f\u00fcr das Jahr 2024 werden zeitnah bekannt gegeben. Wir freuen uns auf euch und haben viele spannende Stunden mit euch geplant. Jederzeit d\u00fcrft ihre eigene Ideen und W\u00fcnsche mit uns besprechen. Neugierig geworden? Dein Kind m\u00f6chte mal zum schnuppern kommen? Dies ist jederzeit zu den Gruppenstunden unter vorheriger telefonischer Anmeldung m\u00f6glich! Nora Einbecker: [&hellip;]\" \/>\n<meta property=\"og:url\" content=\"https:\/\/fischersv-zapfendorf.de\/?page_id=6\" \/>\n<meta property=\"og:site_name\" content=\"Sportfischerverein Zapfendorf\" \/>\n<meta property=\"article:modified_time\" content=\"2025-12-31T08:27:07+00:00\" \/>\n<meta name=\"twitter:card\" content=\"summary_large_image\" \/>\n<meta name=\"twitter:label1\" content=\"Gesch\u00e4tzte Lesezeit\" \/>\n\t<meta name=\"twitter:data1\" content=\"1\u00a0Minute\" \/>\n<script type=\"application\/ld+json\" class=\"yoast-schema-graph\">{\"@context\":\"https:\/\/schema.org\",\"@graph\":[{\"@type\":\"WebPage\",\"@id\":\"https:\/\/fischersv-zapfendorf.de\/?page_id=6\",\"url\":\"https:\/\/fischersv-zapfendorf.de\/?page_id=6\",\"name\":\"Jugendgruppe - Sportfischerverein Zapfendorf\",\"isPartOf\":{\"@id\":\"https:\/\/fischersv-zapfendorf.de\/#website\"},\"datePublished\":\"2019-02-10T17:35:15+00:00\",\"dateModified\":\"2025-12-31T08:27:07+00:00\",\"breadcrumb\":{\"@id\":\"https:\/\/fischersv-zapfendorf.de\/?page_id=6#breadcrumb\"},\"inLanguage\":\"de\",\"potentialAction\":[{\"@type\":\"ReadAction\",\"target\":[\"https:\/\/fischersv-zapfendorf.de\/?page_id=6\"]}]},{\"@type\":\"BreadcrumbList\",\"@id\":\"https:\/\/fischersv-zapfendorf.de\/?page_id=6#breadcrumb\",\"itemListElement\":[{\"@type\":\"ListItem\",\"position\":1,\"name\":\"Startseite\",\"item\":\"https:\/\/fischersv-zapfendorf.de\/\"},{\"@type\":\"ListItem\",\"position\":2,\"name\":\"Jugendgruppe\"}]},{\"@type\":\"WebSite\",\"@id\":\"https:\/\/fischersv-zapfendorf.de\/#website\",\"url\":\"https:\/\/fischersv-zapfendorf.de\/\",\"name\":\"Sportfischerverein Zapfendorf\",\"description\":\"und Umgebung e.V.\",\"potentialAction\":[{\"@type\":\"SearchAction\",\"target\":{\"@type\":\"EntryPoint\",\"urlTemplate\":\"https:\/\/fischersv-zapfendorf.de\/?s={search_term_string}\"},\"query-input\":{\"@type\":\"PropertyValueSpecification\",\"valueRequired\":true,\"valueName\":\"search_term_string\"}}],\"inLanguage\":\"de\"}]}<\/script>\n<!-- \/ Yoast SEO plugin. -->","yoast_head_json":{"title":"Jugendgruppe - Sportfischerverein Zapfendorf","robots":{"index":"index","follow":"follow","max-snippet":"max-snippet:-1","max-image-preview":"max-image-preview:large","max-video-preview":"max-video-preview:-1"},"canonical":"https:\/\/fischersv-zapfendorf.de\/?page_id=6","og_locale":"de_DE","og_type":"article","og_title":"Jugendgruppe - Sportfischerverein Zapfendorf","og_description":"Die Gruppenstunden f\u00fcr das Jahr 2024 werden zeitnah bekannt gegeben. Wir freuen uns auf euch und haben viele spannende Stunden mit euch geplant. Jederzeit d\u00fcrft ihre eigene Ideen und W\u00fcnsche mit uns besprechen. Neugierig geworden? Dein Kind m\u00f6chte mal zum schnuppern kommen? Dies ist jederzeit zu den Gruppenstunden unter vorheriger telefonischer Anmeldung m\u00f6glich! Nora Einbecker: [&hellip;]","og_url":"https:\/\/fischersv-zapfendorf.de\/?page_id=6","og_site_name":"Sportfischerverein Zapfendorf","article_modified_time":"2025-12-31T08:27:07+00:00","twitter_card":"summary_large_image","twitter_misc":{"Gesch\u00e4tzte Lesezeit":"1\u00a0Minute"},"schema":{"@context":"https:\/\/schema.org","@graph":[{"@type":"WebPage","@id":"https:\/\/fischersv-zapfendorf.de\/?page_id=6","url":"https:\/\/fischersv-zapfendorf.de\/?page_id=6","name":"Jugendgruppe - Sportfischerverein Zapfendorf","isPartOf":{"@id":"https:\/\/fischersv-zapfendorf.de\/#website"},"datePublished":"2019-02-10T17:35:15+00:00","dateModified":"2025-12-31T08:27:07+00:00","breadcrumb":{"@id":"https:\/\/fischersv-zapfendorf.de\/?page_id=6#breadcrumb"},"inLanguage":"de","potentialAction":[{"@type":"ReadAction","target":["https:\/\/fischersv-zapfendorf.de\/?page_id=6"]}]},{"@type":"BreadcrumbList","@id":"https:\/\/fischersv-zapfendorf.de\/?page_id=6#breadcrumb","itemListElement":[{"@type":"ListItem","position":1,"name":"Startseite","item":"https:\/\/fischersv-zapfendorf.de\/"},{"@type":"ListItem","position":2,"name":"Jugendgruppe"}]},{"@type":"WebSite","@id":"https:\/\/fischersv-zapfendorf.de\/#website","url":"https:\/\/fischersv-zapfendorf.de\/","name":"Sportfischerverein Zapfendorf","description":"und Umgebung e.V.","potentialAction":[{"@type":"SearchAction","target":{"@type":"EntryPoint","urlTemplate":"https:\/\/fischersv-zapfendorf.de\/?s={search_term_string}"},"query-input":{"@type":"PropertyValueSpecification","valueRequired":true,"valueName":"search_term_string"}}],"inLanguage":"de"}]}},"_links":{"self":[{"href":"https:\/\/fischersv-zapfendorf.de\/index.php?rest_route=\/wp\/v2\/pages\/6","targetHints":{"allow":["GET"]}}],"collection":[{"href":"https:\/\/fischersv-zapfendorf.de\/index.php?rest_route=\/wp\/v2\/pages"}],"about":[{"href":"https:\/\/fischersv-zapfendorf.de\/index.php?rest_route=\/wp\/v2\/types\/page"}],"author":[{"embeddable":true,"href":"https:\/\/fischersv-zapfendorf.de\/index.php?rest_route=\/wp\/v2\/users\/1"}],"replies":[{"embeddable":true,"href":"https:\/\/fischersv-zapfendorf.de\/index.php?rest_route=%2Fwp%2Fv2%2Fcomments&post=6"}],"version-history":[{"count":7,"href":"https:\/\/fischersv-zapfendorf.de\/index.php?rest_route=\/wp\/v2\/pages\/6\/revisions"}],"predecessor-version":[{"id":773,"href":"https:\/\/fischersv-zapfendorf.de\/index.php?rest_route=\/wp\/v2\/pages\/6\/revisions\/773"}],"wp:attachment":[{"href":"https:\/\/fischersv-zapfendorf.de\/index.php?rest_route=%2Fwp%2Fv2%2Fmedia&parent=6"}],"curies":[{"name":"wp","href":"https:\/\/api.w.org\/{rel}","templated":true}]}}