{"id":571,"date":"2024-07-22T06:28:30","date_gmt":"2024-07-22T06:28:30","guid":{"rendered":"https:\/\/fischersv-zapfendorf.de\/?page_id=571"},"modified":"2024-07-22T06:51:52","modified_gmt":"2024-07-22T06:51:52","slug":"neuigkeiten-berichte-jugend","status":"publish","type":"page","link":"https:\/\/fischersv-zapfendorf.de\/?page_id=571","title":{"rendered":"Neuigkeiten \/ Berichte Jugend"},"content":{"rendered":"\n<p><\/p>\n\n\n\n<p>Jugendk\u00f6nigsangeln 2024<\/p>\n\n\n\n<p>Heute fand das Jugendk\u00f6nigsangeln 2024 statt. 8 Nachwuchstalente trafen p\u00fcnktlich um 6.30 Uhr am Angelplatz ein. Nach einer kurzen Ansprache, richteten die Kinder ihre Angelpl\u00e4tze selbstst\u00e4ndig ein. Der erste Fisch lie\u00df nicht lange auf sich warten &#8211; Hannes landete ziemlich perfekt eine Schleie mit 360 Gramm an. Kurz darauf hatte Hannes erneut einen kr\u00e4ftigen Biss, diesmal mit einer Brachse von 1240 Gramm. Als n\u00e4chstes drillten Marian, Lukas und Marie ansehnliche Fische an Land.<\/p>\n\n\n\n<p>Am Ende konnten 4 Kinder stolz einen Fang verzeichnen.<\/p>\n\n\n\n<p>Jugendk\u00f6nig 2024 wurde Hannes mit einer Brachse von 1240 Gramm.&nbsp;<\/p>\n\n\n\n<p>1. Ritter, Marian mit einer Brachse von 700 Gramm.<\/p>\n\n\n\n<p>2. Ritter, Marie mit einer Brachse von 550 Gramm.<\/p>\n\n\n\n<p>4. Platz, Lukas mit einem Barsch von 250 Gramm.<\/p>\n\n\n\n<p>Mit Freude dabei waren au\u00dferdem Tim, Hanna, Alex und Leonie.<\/p>\n\n\n\n<p>Toll, dass ihr dabei gewesen seit!! Wir sind stolz auf euch!<\/p>\n\n\n\n<p>Eure Jugendleiter<\/p>\n\n\n\n<p>Chris &amp; Nora<\/p>\n\n\n\n<p><\/p>\n\n\n\n<figure class=\"wp-block-gallery has-nested-images columns-default is-cropped wp-block-gallery-1 is-layout-flex wp-block-gallery-is-layout-flex\">\n<figure class=\"wp-block-image size-large\"><img loading=\"lazy\" decoding=\"async\" width=\"461\" height=\"1024\" data-id=\"577\" src=\"https:\/\/fischersv-zapfendorf.de\/wp-content\/uploads\/2024\/07\/234a3f27b54945ed8b9f4e718605a301-461x1024.jpg\" alt=\"\" class=\"wp-image-577\" srcset=\"https:\/\/fischersv-zapfendorf.de\/wp-content\/uploads\/2024\/07\/234a3f27b54945ed8b9f4e718605a301-461x1024.jpg 461w, https:\/\/fischersv-zapfendorf.de\/wp-content\/uploads\/2024\/07\/234a3f27b54945ed8b9f4e718605a301-135x300.jpg 135w, https:\/\/fischersv-zapfendorf.de\/wp-content\/uploads\/2024\/07\/234a3f27b54945ed8b9f4e718605a301-768x1707.jpg 768w, https:\/\/fischersv-zapfendorf.de\/wp-content\/uploads\/2024\/07\/234a3f27b54945ed8b9f4e718605a301-691x1536.jpg 691w, https:\/\/fischersv-zapfendorf.de\/wp-content\/uploads\/2024\/07\/234a3f27b54945ed8b9f4e718605a301-90x200.jpg 90w, https:\/\/fischersv-zapfendorf.de\/wp-content\/uploads\/2024\/07\/234a3f27b54945ed8b9f4e718605a301.jpg 900w\" sizes=\"auto, (max-width: 461px) 100vw, 461px\" \/><\/figure>\n\n\n\n<figure class=\"wp-block-image size-large\"><img loading=\"lazy\" decoding=\"async\" width=\"1024\" height=\"462\" data-id=\"581\" src=\"https:\/\/fischersv-zapfendorf.de\/wp-content\/uploads\/2024\/07\/IMG-20240721-WA0049-1024x462.jpg\" alt=\"\" class=\"wp-image-581\" srcset=\"https:\/\/fischersv-zapfendorf.de\/wp-content\/uploads\/2024\/07\/IMG-20240721-WA0049-1024x462.jpg 1024w, https:\/\/fischersv-zapfendorf.de\/wp-content\/uploads\/2024\/07\/IMG-20240721-WA0049-300x135.jpg 300w, https:\/\/fischersv-zapfendorf.de\/wp-content\/uploads\/2024\/07\/IMG-20240721-WA0049-768x346.jpg 768w, https:\/\/fischersv-zapfendorf.de\/wp-content\/uploads\/2024\/07\/IMG-20240721-WA0049-1536x692.jpg 1536w, https:\/\/fischersv-zapfendorf.de\/wp-content\/uploads\/2024\/07\/IMG-20240721-WA0049-200x90.jpg 200w, https:\/\/fischersv-zapfendorf.de\/wp-content\/uploads\/2024\/07\/IMG-20240721-WA0049.jpg 2048w\" sizes=\"auto, (max-width: 1024px) 100vw, 1024px\" \/><\/figure>\n\n\n\n<figure class=\"wp-block-image size-large\"><img loading=\"lazy\" decoding=\"async\" width=\"577\" height=\"1024\" data-id=\"580\" src=\"https:\/\/fischersv-zapfendorf.de\/wp-content\/uploads\/2024\/07\/IMG-20240721-WA0060-577x1024.jpg\" alt=\"\" class=\"wp-image-580\" srcset=\"https:\/\/fischersv-zapfendorf.de\/wp-content\/uploads\/2024\/07\/IMG-20240721-WA0060-577x1024.jpg 577w, https:\/\/fischersv-zapfendorf.de\/wp-content\/uploads\/2024\/07\/IMG-20240721-WA0060-169x300.jpg 169w, https:\/\/fischersv-zapfendorf.de\/wp-content\/uploads\/2024\/07\/IMG-20240721-WA0060-768x1364.jpg 768w, https:\/\/fischersv-zapfendorf.de\/wp-content\/uploads\/2024\/07\/IMG-20240721-WA0060-865x1536.jpg 865w, https:\/\/fischersv-zapfendorf.de\/wp-content\/uploads\/2024\/07\/IMG-20240721-WA0060-113x200.jpg 113w, https:\/\/fischersv-zapfendorf.de\/wp-content\/uploads\/2024\/07\/IMG-20240721-WA0060.jpg 1126w\" sizes=\"auto, (max-width: 577px) 100vw, 577px\" \/><\/figure>\n\n\n<div class=\"wp-block-image\">\n<figure class=\"alignright size-large\"><img loading=\"lazy\" decoding=\"async\" width=\"1024\" height=\"462\" data-id=\"582\" src=\"https:\/\/fischersv-zapfendorf.de\/wp-content\/uploads\/2024\/07\/IMG-20240721-WA0073-1024x462.jpg\" alt=\"\" class=\"wp-image-582\" srcset=\"https:\/\/fischersv-zapfendorf.de\/wp-content\/uploads\/2024\/07\/IMG-20240721-WA0073-1024x462.jpg 1024w, https:\/\/fischersv-zapfendorf.de\/wp-content\/uploads\/2024\/07\/IMG-20240721-WA0073-300x135.jpg 300w, https:\/\/fischersv-zapfendorf.de\/wp-content\/uploads\/2024\/07\/IMG-20240721-WA0073-768x346.jpg 768w, https:\/\/fischersv-zapfendorf.de\/wp-content\/uploads\/2024\/07\/IMG-20240721-WA0073-1536x692.jpg 1536w, https:\/\/fischersv-zapfendorf.de\/wp-content\/uploads\/2024\/07\/IMG-20240721-WA0073-200x90.jpg 200w, https:\/\/fischersv-zapfendorf.de\/wp-content\/uploads\/2024\/07\/IMG-20240721-WA0073.jpg 2048w\" sizes=\"auto, (max-width: 1024px) 100vw, 1024px\" \/><\/figure><\/div>\n\n\n<figure class=\"wp-block-image size-large\"><img loading=\"lazy\" decoding=\"async\" width=\"461\" height=\"1024\" data-id=\"579\" src=\"https:\/\/fischersv-zapfendorf.de\/wp-content\/uploads\/2024\/07\/IMG-20240721-WA0086-461x1024.jpg\" alt=\"\" class=\"wp-image-579\" srcset=\"https:\/\/fischersv-zapfendorf.de\/wp-content\/uploads\/2024\/07\/IMG-20240721-WA0086-461x1024.jpg 461w, https:\/\/fischersv-zapfendorf.de\/wp-content\/uploads\/2024\/07\/IMG-20240721-WA0086-135x300.jpg 135w, https:\/\/fischersv-zapfendorf.de\/wp-content\/uploads\/2024\/07\/IMG-20240721-WA0086-691x1536.jpg 691w, https:\/\/fischersv-zapfendorf.de\/wp-content\/uploads\/2024\/07\/IMG-20240721-WA0086-90x200.jpg 90w, https:\/\/fischersv-zapfendorf.de\/wp-content\/uploads\/2024\/07\/IMG-20240721-WA0086.jpg 720w\" sizes=\"auto, (max-width: 461px) 100vw, 461px\" \/><\/figure>\n\n\n<div class=\"wp-block-image is-style-default\">\n<figure class=\"aligncenter size-large\"><img loading=\"lazy\" decoding=\"async\" width=\"1024\" height=\"461\" data-id=\"578\" src=\"https:\/\/fischersv-zapfendorf.de\/wp-content\/uploads\/2024\/07\/IMG-20240721-WA0085-1024x461.jpg\" alt=\"\" class=\"wp-image-578\" srcset=\"https:\/\/fischersv-zapfendorf.de\/wp-content\/uploads\/2024\/07\/IMG-20240721-WA0085-1024x461.jpg 1024w, https:\/\/fischersv-zapfendorf.de\/wp-content\/uploads\/2024\/07\/IMG-20240721-WA0085-300x135.jpg 300w, https:\/\/fischersv-zapfendorf.de\/wp-content\/uploads\/2024\/07\/IMG-20240721-WA0085-768x346.jpg 768w, https:\/\/fischersv-zapfendorf.de\/wp-content\/uploads\/2024\/07\/IMG-20240721-WA0085-1536x691.jpg 1536w, https:\/\/fischersv-zapfendorf.de\/wp-content\/uploads\/2024\/07\/IMG-20240721-WA0085-200x90.jpg 200w, https:\/\/fischersv-zapfendorf.de\/wp-content\/uploads\/2024\/07\/IMG-20240721-WA0085.jpg 1600w\" sizes=\"auto, (max-width: 1024px) 100vw, 1024px\" \/><\/figure><\/div>\n\n\n<figure class=\"wp-block-image size-large\"><img loading=\"lazy\" decoding=\"async\" width=\"1024\" height=\"768\" data-id=\"583\" src=\"https:\/\/fischersv-zapfendorf.de\/wp-content\/uploads\/2024\/07\/IMG-20240721-WA0077-1024x768.jpg\" alt=\"\" class=\"wp-image-583\" srcset=\"https:\/\/fischersv-zapfendorf.de\/wp-content\/uploads\/2024\/07\/IMG-20240721-WA0077-1024x768.jpg 1024w, https:\/\/fischersv-zapfendorf.de\/wp-content\/uploads\/2024\/07\/IMG-20240721-WA0077-300x225.jpg 300w, https:\/\/fischersv-zapfendorf.de\/wp-content\/uploads\/2024\/07\/IMG-20240721-WA0077-768x576.jpg 768w, https:\/\/fischersv-zapfendorf.de\/wp-content\/uploads\/2024\/07\/IMG-20240721-WA0077-1536x1152.jpg 1536w, https:\/\/fischersv-zapfendorf.de\/wp-content\/uploads\/2024\/07\/IMG-20240721-WA0077-200x150.jpg 200w, https:\/\/fischersv-zapfendorf.de\/wp-content\/uploads\/2024\/07\/IMG-20240721-WA0077.jpg 2048w\" sizes=\"auto, (max-width: 1024px) 100vw, 1024px\" \/><\/figure>\n<\/figure>\n","protected":false},"excerpt":{"rendered":"<p>Jugendk\u00f6nigsangeln 2024 Heute fand das Jugendk\u00f6nigsangeln 2024 statt. 8 Nachwuchstalente trafen p\u00fcnktlich um 6.30 Uhr am Angelplatz ein. Nach einer kurzen Ansprache, richteten die Kinder ihre Angelpl\u00e4tze selbstst\u00e4ndig ein. Der erste Fisch lie\u00df nicht lange auf sich warten &#8211; Hannes landete ziemlich perfekt eine Schleie mit 360 Gramm an. Kurz darauf hatte Hannes erneut einen [&hellip;]<\/p>\n","protected":false},"author":1,"featured_media":0,"parent":0,"menu_order":0,"comment_status":"closed","ping_status":"closed","template":"","meta":{"footnotes":""},"class_list":["post-571","page","type-page","status-publish","hentry"],"yoast_head":"<!-- This site is optimized with the Yoast SEO plugin v26.8 - https:\/\/yoast.com\/product\/yoast-seo-wordpress\/ -->\n<title>Neuigkeiten \/ Berichte Jugend - Sportfischerverein Zapfendorf<\/title>\n<meta name=\"robots\" content=\"index, follow, max-snippet:-1, max-image-preview:large, max-video-preview:-1\" \/>\n<link rel=\"canonical\" href=\"https:\/\/fischersv-zapfendorf.de\/?page_id=571\" \/>\n<meta property=\"og:locale\" content=\"de_DE\" \/>\n<meta property=\"og:type\" content=\"article\" \/>\n<meta property=\"og:title\" content=\"Neuigkeiten \/ Berichte Jugend - Sportfischerverein Zapfendorf\" \/>\n<meta property=\"og:description\" content=\"Jugendk\u00f6nigsangeln 2024 Heute fand das Jugendk\u00f6nigsangeln 2024 statt. 8 Nachwuchstalente trafen p\u00fcnktlich um 6.30 Uhr am Angelplatz ein. Nach einer kurzen Ansprache, richteten die Kinder ihre Angelpl\u00e4tze selbstst\u00e4ndig ein. Der erste Fisch lie\u00df nicht lange auf sich warten &#8211; Hannes landete ziemlich perfekt eine Schleie mit 360 Gramm an. Kurz darauf hatte Hannes erneut einen [&hellip;]\" \/>\n<meta property=\"og:url\" content=\"https:\/\/fischersv-zapfendorf.de\/?page_id=571\" \/>\n<meta property=\"og:site_name\" content=\"Sportfischerverein Zapfendorf\" \/>\n<meta property=\"article:modified_time\" content=\"2024-07-22T06:51:52+00:00\" \/>\n<meta property=\"og:image\" content=\"https:\/\/fischersv-zapfendorf.de\/wp-content\/uploads\/2024\/07\/234a3f27b54945ed8b9f4e718605a301-461x1024.jpg\" \/>\n<meta name=\"twitter:card\" content=\"summary_large_image\" \/>\n<meta name=\"twitter:label1\" content=\"Gesch\u00e4tzte Lesezeit\" \/>\n\t<meta name=\"twitter:data1\" content=\"3\u00a0Minuten\" \/>\n<script type=\"application\/ld+json\" class=\"yoast-schema-graph\">{\"@context\":\"https:\/\/schema.org\",\"@graph\":[{\"@type\":\"WebPage\",\"@id\":\"https:\/\/fischersv-zapfendorf.de\/?page_id=571\",\"url\":\"https:\/\/fischersv-zapfendorf.de\/?page_id=571\",\"name\":\"Neuigkeiten \/ Berichte Jugend - Sportfischerverein Zapfendorf\",\"isPartOf\":{\"@id\":\"https:\/\/fischersv-zapfendorf.de\/#website\"},\"primaryImageOfPage\":{\"@id\":\"https:\/\/fischersv-zapfendorf.de\/?page_id=571#primaryimage\"},\"image\":{\"@id\":\"https:\/\/fischersv-zapfendorf.de\/?page_id=571#primaryimage\"},\"thumbnailUrl\":\"https:\/\/fischersv-zapfendorf.de\/wp-content\/uploads\/2024\/07\/234a3f27b54945ed8b9f4e718605a301-461x1024.jpg\",\"datePublished\":\"2024-07-22T06:28:30+00:00\",\"dateModified\":\"2024-07-22T06:51:52+00:00\",\"breadcrumb\":{\"@id\":\"https:\/\/fischersv-zapfendorf.de\/?page_id=571#breadcrumb\"},\"inLanguage\":\"de\",\"potentialAction\":[{\"@type\":\"ReadAction\",\"target\":[\"https:\/\/fischersv-zapfendorf.de\/?page_id=571\"]}]},{\"@type\":\"ImageObject\",\"inLanguage\":\"de\",\"@id\":\"https:\/\/fischersv-zapfendorf.de\/?page_id=571#primaryimage\",\"url\":\"https:\/\/fischersv-zapfendorf.de\/wp-content\/uploads\/2024\/07\/234a3f27b54945ed8b9f4e718605a301.jpg\",\"contentUrl\":\"https:\/\/fischersv-zapfendorf.de\/wp-content\/uploads\/2024\/07\/234a3f27b54945ed8b9f4e718605a301.jpg\",\"width\":900,\"height\":2000},{\"@type\":\"BreadcrumbList\",\"@id\":\"https:\/\/fischersv-zapfendorf.de\/?page_id=571#breadcrumb\",\"itemListElement\":[{\"@type\":\"ListItem\",\"position\":1,\"name\":\"Startseite\",\"item\":\"https:\/\/fischersv-zapfendorf.de\/\"},{\"@type\":\"ListItem\",\"position\":2,\"name\":\"Neuigkeiten \/ Berichte Jugend\"}]},{\"@type\":\"WebSite\",\"@id\":\"https:\/\/fischersv-zapfendorf.de\/#website\",\"url\":\"https:\/\/fischersv-zapfendorf.de\/\",\"name\":\"Sportfischerverein Zapfendorf\",\"description\":\"und Umgebung e.V.\",\"potentialAction\":[{\"@type\":\"SearchAction\",\"target\":{\"@type\":\"EntryPoint\",\"urlTemplate\":\"https:\/\/fischersv-zapfendorf.de\/?s={search_term_string}\"},\"query-input\":{\"@type\":\"PropertyValueSpecification\",\"valueRequired\":true,\"valueName\":\"search_term_string\"}}],\"inLanguage\":\"de\"}]}<\/script>\n<!-- \/ Yoast SEO plugin. -->","yoast_head_json":{"title":"Neuigkeiten \/ Berichte Jugend - Sportfischerverein Zapfendorf","robots":{"index":"index","follow":"follow","max-snippet":"max-snippet:-1","max-image-preview":"max-image-preview:large","max-video-preview":"max-video-preview:-1"},"canonical":"https:\/\/fischersv-zapfendorf.de\/?page_id=571","og_locale":"de_DE","og_type":"article","og_title":"Neuigkeiten \/ Berichte Jugend - Sportfischerverein Zapfendorf","og_description":"Jugendk\u00f6nigsangeln 2024 Heute fand das Jugendk\u00f6nigsangeln 2024 statt. 8 Nachwuchstalente trafen p\u00fcnktlich um 6.30 Uhr am Angelplatz ein. Nach einer kurzen Ansprache, richteten die Kinder ihre Angelpl\u00e4tze selbstst\u00e4ndig ein. Der erste Fisch lie\u00df nicht lange auf sich warten &#8211; Hannes landete ziemlich perfekt eine Schleie mit 360 Gramm an. Kurz darauf hatte Hannes erneut einen [&hellip;]","og_url":"https:\/\/fischersv-zapfendorf.de\/?page_id=571","og_site_name":"Sportfischerverein Zapfendorf","article_modified_time":"2024-07-22T06:51:52+00:00","og_image":[{"url":"https:\/\/fischersv-zapfendorf.de\/wp-content\/uploads\/2024\/07\/234a3f27b54945ed8b9f4e718605a301-461x1024.jpg","type":"","width":"","height":""}],"twitter_card":"summary_large_image","twitter_misc":{"Gesch\u00e4tzte Lesezeit":"3\u00a0Minuten"},"schema":{"@context":"https:\/\/schema.org","@graph":[{"@type":"WebPage","@id":"https:\/\/fischersv-zapfendorf.de\/?page_id=571","url":"https:\/\/fischersv-zapfendorf.de\/?page_id=571","name":"Neuigkeiten \/ Berichte Jugend - Sportfischerverein Zapfendorf","isPartOf":{"@id":"https:\/\/fischersv-zapfendorf.de\/#website"},"primaryImageOfPage":{"@id":"https:\/\/fischersv-zapfendorf.de\/?page_id=571#primaryimage"},"image":{"@id":"https:\/\/fischersv-zapfendorf.de\/?page_id=571#primaryimage"},"thumbnailUrl":"https:\/\/fischersv-zapfendorf.de\/wp-content\/uploads\/2024\/07\/234a3f27b54945ed8b9f4e718605a301-461x1024.jpg","datePublished":"2024-07-22T06:28:30+00:00","dateModified":"2024-07-22T06:51:52+00:00","breadcrumb":{"@id":"https:\/\/fischersv-zapfendorf.de\/?page_id=571#breadcrumb"},"inLanguage":"de","potentialAction":[{"@type":"ReadAction","target":["https:\/\/fischersv-zapfendorf.de\/?page_id=571"]}]},{"@type":"ImageObject","inLanguage":"de","@id":"https:\/\/fischersv-zapfendorf.de\/?page_id=571#primaryimage","url":"https:\/\/fischersv-zapfendorf.de\/wp-content\/uploads\/2024\/07\/234a3f27b54945ed8b9f4e718605a301.jpg","contentUrl":"https:\/\/fischersv-zapfendorf.de\/wp-content\/uploads\/2024\/07\/234a3f27b54945ed8b9f4e718605a301.jpg","width":900,"height":2000},{"@type":"BreadcrumbList","@id":"https:\/\/fischersv-zapfendorf.de\/?page_id=571#breadcrumb","itemListElement":[{"@type":"ListItem","position":1,"name":"Startseite","item":"https:\/\/fischersv-zapfendorf.de\/"},{"@type":"ListItem","position":2,"name":"Neuigkeiten \/ Berichte Jugend"}]},{"@type":"WebSite","@id":"https:\/\/fischersv-zapfendorf.de\/#website","url":"https:\/\/fischersv-zapfendorf.de\/","name":"Sportfischerverein Zapfendorf","description":"und Umgebung e.V.","potentialAction":[{"@type":"SearchAction","target":{"@type":"EntryPoint","urlTemplate":"https:\/\/fischersv-zapfendorf.de\/?s={search_term_string}"},"query-input":{"@type":"PropertyValueSpecification","valueRequired":true,"valueName":"search_term_string"}}],"inLanguage":"de"}]}},"_links":{"self":[{"href":"https:\/\/fischersv-zapfendorf.de\/index.php?rest_route=\/wp\/v2\/pages\/571","targetHints":{"allow":["GET"]}}],"collection":[{"href":"https:\/\/fischersv-zapfendorf.de\/index.php?rest_route=\/wp\/v2\/pages"}],"about":[{"href":"https:\/\/fischersv-zapfendorf.de\/index.php?rest_route=\/wp\/v2\/types\/page"}],"author":[{"embeddable":true,"href":"https:\/\/fischersv-zapfendorf.de\/index.php?rest_route=\/wp\/v2\/users\/1"}],"replies":[{"embeddable":true,"href":"https:\/\/fischersv-zapfendorf.de\/index.php?rest_route=%2Fwp%2Fv2%2Fcomments&post=571"}],"version-history":[{"count":3,"href":"https:\/\/fischersv-zapfendorf.de\/index.php?rest_route=\/wp\/v2\/pages\/571\/revisions"}],"predecessor-version":[{"id":585,"href":"https:\/\/fischersv-zapfendorf.de\/index.php?rest_route=\/wp\/v2\/pages\/571\/revisions\/585"}],"wp:attachment":[{"href":"https:\/\/fischersv-zapfendorf.de\/index.php?rest_route=%2Fwp%2Fv2%2Fmedia&parent=571"}],"curies":[{"name":"wp","href":"https:\/\/api.w.org\/{rel}","templated":true}]}}