{"id":47,"date":"2019-02-11T18:17:07","date_gmt":"2019-02-11T18:17:07","guid":{"rendered":"http:\/\/fischersv-zapfendorf.de\/?page_id=47"},"modified":"2025-12-31T08:17:05","modified_gmt":"2025-12-31T08:17:05","slug":"impressum","status":"publish","type":"page","link":"https:\/\/fischersv-zapfendorf.de\/?page_id=47","title":{"rendered":"Impressum"},"content":{"rendered":"\n<p><\/p>\n\n\n\n<p>Inhaltlich Verantwortlicher gem\u00e4\u00df \u00a7 5 TMG (ehem. MDStV):<\/p>\n\n\n\n<p><\/p>\n\n\n\n<p>Sportfischerverein Zapfendorf und Umgebung e.V.<br>Klangweg 10<br>96199 Zapfendorf<\/p>\n\n\n\n<p>vertreten durch den 1. Vorsitzenden<br>Herrn Frank Einwag<\/p>\n\n\n\n<p>eMail: sfvzzapfendorf@gmail.com<\/p>\n\n\n\n<p>Vereinsregister Nr.: Amtsgericht Bamberg VR 444<br><br><\/p>\n\n\n\n<p>Disclaimer<\/p>\n\n\n\n<p>Quelle: eRecht24.de &#8211; Internetrecht von\nRechtsanwalt S\u00f6ren Siebert<\/p>\n\n\n\n<p>Die Inhalte unserer Seiten wurden mit gr\u00f6\u00dfter\nSorgfalt erstellt. F\u00fcr die Richtigkeit, Vollst\u00e4ndigkeit und Aktualit\u00e4t der Inhalte\nk\u00f6nnen wir jedoch keine Gew\u00e4hr \u00fcbernehmen. Als Diensteanbieter sind wir gem\u00e4\u00df \u00a7\n7 Abs.1 TMG f\u00fcr eigene Inhalte auf diesen Seiten nach den allgemeinen Gesetzen\nverantwortlich. Nach \u00a7\u00a7 8 bis 10 TMG sind wir als Diensteanbieter jedoch nicht\nverpflichtet, \u00fcbermittelte oder gespeicherte fremde Informationen zu \u00fcberwachen\noder nach Umst\u00e4nden zu forschen, die auf eine rechtswidrige T\u00e4tigkeit\nhinweisen. Verpflichtungen zur Entfernung oder Sperrung der Nutzung von\nInformationen nach den allgemeinen Gesetzen bleiben hiervon unber\u00fchrt. Eine\ndiesbez\u00fcgliche Haftung ist jedoch erst ab dem Zeitpunkt der Kenntnis einer\nkonkreten Rechtsverletzung m\u00f6glich. Bei Bekanntwerden von entsprechenden\nRechtsverletzungen werden wir diese Inhalte umgehend entfernen.<\/p>\n\n\n\n<p>Haftung f\u00fcr Links<\/p>\n\n\n\n<p>Unser Angebot enth\u00e4lt Links zu externen Webseiten\nDritter, auf deren Inhalte wir keinen Einfluss haben. Deshalb k\u00f6nnen wir f\u00fcr\ndiese fremden Inhalte auch keine Gew\u00e4hr \u00fcbernehmen. F\u00fcr die Inhalte der\nverlinkten Seiten ist stets der jeweilige Anbieter oder Betreiber der Seiten\nverantwortlich. Die verlinkten Seiten wurden zum Zeitpunkt der Verlinkung auf\nm\u00f6gliche Rechtsverst\u00f6\u00dfe \u00fcberpr\u00fcft. Rechtswidrige Inhalte waren zum Zeitpunkt\nder Verlinkung nicht erkennbar. Eine permanente inhaltliche Kontrolle der\nverlinkten Seiten ist jedoch ohne konkrete Anhaltspunkte einer Rechtsverletzung\nnicht zumutbar. Bei Bekanntwerden von Rechtsverletzungen werden wir derartige\nLinks umgehend entfernen.<\/p>\n\n\n\n<p>Urheberrecht<\/p>\n\n\n\n<p>Die durch die Seitenbetreiber erstellten Inhalte\nund Werke auf diesen Seiten unterliegen dem deutschen Urheberrecht. Die\nVervielf\u00e4ltigung, Bearbeitung, Verbreitung und jede Art der Verwertung\nau\u00dferhalb der Grenzen des Urheberrechtes bed\u00fcrfen der schriftlichen Zustimmung\ndes jeweiligen Autors bzw. Erstellers. Downloads und Kopien dieser Seite sind\nnur f\u00fcr den privaten, nicht kommerziellen Gebrauch gestattet. Soweit die\nInhalte auf dieser Seite nicht vom Betreiber erstellt wurden, werden die\nUrheberrechte Dritter beachtet. Insbesondere werden Inhalte Dritter als solche\ngekennzeichnet. Sollten Sie trotzdem auf eine Urheberrechtsverletzung\naufmerksam werden, bitten wir um einen entsprechenden Hinweis. Bei\nBekanntwerden von Rechtsverletzungen werden wir derartige Inhalte umgehend\nentfernen.<\/p>\n\n\n\n<p>Datenschutz<\/p>\n\n\n\n<p>Die Nutzung unserer Webseite ist in der Regel ohne\nAngabe personenbezogener Daten m\u00f6glich. Soweit auf unseren Seiten\npersonenbezogene Daten (beispielsweise Name, Anschrift oder eMail-Adressen)\nerhoben werden, erfolgt dies, soweit m\u00f6glich, stets auf freiwilliger Basis.\nDiese Daten werden ohne Ihre ausdr\u00fcckliche Zustimmung nicht an Dritte\nweitergegeben.<\/p>\n\n\n\n<p>Wir weisen darauf hin, dass die Daten\u00fcbertragung\nim Internet (z.B. bei der Kommunikation per E-Mail) Sicherheitsl\u00fccken aufweisen\nkann. Ein l\u00fcckenloser Schutz der Daten vor dem Zugriff durch Dritte ist nicht\nm\u00f6glich.<\/p>\n\n\n\n<p>Der Nutzung von im Rahmen der Impressumspflicht\nver\u00f6ffentlichten Kontaktdaten durch Dritte zur \u00dcbersendung von nicht\nausdr\u00fccklich angeforderter Werbung und Informationsmaterialien wird hiermit\nausdr\u00fccklich widersprochen. Die Betreiber der Seiten behalten sich ausdr\u00fccklich\nrechtliche Schritte im Falle der unverlangten Zusendung von Werbeinformationen,\netwa durch Spam-Mails, vor.<\/p>\n","protected":false},"excerpt":{"rendered":"<p>Inhaltlich Verantwortlicher gem\u00e4\u00df \u00a7 5 TMG (ehem. MDStV): Sportfischerverein Zapfendorf und Umgebung e.V.Klangweg 1096199 Zapfendorf vertreten durch den 1. VorsitzendenHerrn Frank Einwag eMail: sfvzzapfendorf@gmail.com Vereinsregister Nr.: Amtsgericht Bamberg VR 444 Disclaimer Quelle: eRecht24.de &#8211; Internetrecht von Rechtsanwalt S\u00f6ren Siebert Die Inhalte unserer Seiten wurden mit gr\u00f6\u00dfter Sorgfalt erstellt. F\u00fcr die Richtigkeit, Vollst\u00e4ndigkeit und Aktualit\u00e4t der [&hellip;]<\/p>\n","protected":false},"author":1,"featured_media":0,"parent":0,"menu_order":0,"comment_status":"closed","ping_status":"closed","template":"","meta":{"footnotes":""},"class_list":["post-47","page","type-page","status-publish","hentry"],"yoast_head":"<!-- This site is optimized with the Yoast SEO plugin v26.8 - https:\/\/yoast.com\/product\/yoast-seo-wordpress\/ -->\n<title>Impressum - Sportfischerverein Zapfendorf<\/title>\n<meta name=\"robots\" content=\"index, follow, max-snippet:-1, max-image-preview:large, max-video-preview:-1\" \/>\n<link rel=\"canonical\" href=\"https:\/\/fischersv-zapfendorf.de\/?page_id=47\" \/>\n<meta property=\"og:locale\" content=\"de_DE\" \/>\n<meta property=\"og:type\" content=\"article\" \/>\n<meta property=\"og:title\" content=\"Impressum - Sportfischerverein Zapfendorf\" \/>\n<meta property=\"og:description\" content=\"Inhaltlich Verantwortlicher gem\u00e4\u00df \u00a7 5 TMG (ehem. MDStV): Sportfischerverein Zapfendorf und Umgebung e.V.Klangweg 1096199 Zapfendorf vertreten durch den 1. VorsitzendenHerrn Frank Einwag eMail: sfvzzapfendorf@gmail.com Vereinsregister Nr.: Amtsgericht Bamberg VR 444 Disclaimer Quelle: eRecht24.de &#8211; Internetrecht von Rechtsanwalt S\u00f6ren Siebert Die Inhalte unserer Seiten wurden mit gr\u00f6\u00dfter Sorgfalt erstellt. F\u00fcr die Richtigkeit, Vollst\u00e4ndigkeit und Aktualit\u00e4t der [&hellip;]\" \/>\n<meta property=\"og:url\" content=\"https:\/\/fischersv-zapfendorf.de\/?page_id=47\" \/>\n<meta property=\"og:site_name\" content=\"Sportfischerverein Zapfendorf\" \/>\n<meta property=\"article:modified_time\" content=\"2025-12-31T08:17:05+00:00\" \/>\n<meta name=\"twitter:card\" content=\"summary_large_image\" \/>\n<meta name=\"twitter:label1\" content=\"Gesch\u00e4tzte Lesezeit\" \/>\n\t<meta name=\"twitter:data1\" content=\"3\u00a0Minuten\" \/>\n<script type=\"application\/ld+json\" class=\"yoast-schema-graph\">{\"@context\":\"https:\/\/schema.org\",\"@graph\":[{\"@type\":\"WebPage\",\"@id\":\"https:\/\/fischersv-zapfendorf.de\/?page_id=47\",\"url\":\"https:\/\/fischersv-zapfendorf.de\/?page_id=47\",\"name\":\"Impressum - Sportfischerverein Zapfendorf\",\"isPartOf\":{\"@id\":\"https:\/\/fischersv-zapfendorf.de\/#website\"},\"datePublished\":\"2019-02-11T18:17:07+00:00\",\"dateModified\":\"2025-12-31T08:17:05+00:00\",\"breadcrumb\":{\"@id\":\"https:\/\/fischersv-zapfendorf.de\/?page_id=47#breadcrumb\"},\"inLanguage\":\"de\",\"potentialAction\":[{\"@type\":\"ReadAction\",\"target\":[\"https:\/\/fischersv-zapfendorf.de\/?page_id=47\"]}]},{\"@type\":\"BreadcrumbList\",\"@id\":\"https:\/\/fischersv-zapfendorf.de\/?page_id=47#breadcrumb\",\"itemListElement\":[{\"@type\":\"ListItem\",\"position\":1,\"name\":\"Startseite\",\"item\":\"https:\/\/fischersv-zapfendorf.de\/\"},{\"@type\":\"ListItem\",\"position\":2,\"name\":\"Impressum\"}]},{\"@type\":\"WebSite\",\"@id\":\"https:\/\/fischersv-zapfendorf.de\/#website\",\"url\":\"https:\/\/fischersv-zapfendorf.de\/\",\"name\":\"Sportfischerverein Zapfendorf\",\"description\":\"und Umgebung e.V.\",\"potentialAction\":[{\"@type\":\"SearchAction\",\"target\":{\"@type\":\"EntryPoint\",\"urlTemplate\":\"https:\/\/fischersv-zapfendorf.de\/?s={search_term_string}\"},\"query-input\":{\"@type\":\"PropertyValueSpecification\",\"valueRequired\":true,\"valueName\":\"search_term_string\"}}],\"inLanguage\":\"de\"}]}<\/script>\n<!-- \/ Yoast SEO plugin. -->","yoast_head_json":{"title":"Impressum - Sportfischerverein Zapfendorf","robots":{"index":"index","follow":"follow","max-snippet":"max-snippet:-1","max-image-preview":"max-image-preview:large","max-video-preview":"max-video-preview:-1"},"canonical":"https:\/\/fischersv-zapfendorf.de\/?page_id=47","og_locale":"de_DE","og_type":"article","og_title":"Impressum - Sportfischerverein Zapfendorf","og_description":"Inhaltlich Verantwortlicher gem\u00e4\u00df \u00a7 5 TMG (ehem. MDStV): Sportfischerverein Zapfendorf und Umgebung e.V.Klangweg 1096199 Zapfendorf vertreten durch den 1. VorsitzendenHerrn Frank Einwag eMail: sfvzzapfendorf@gmail.com Vereinsregister Nr.: Amtsgericht Bamberg VR 444 Disclaimer Quelle: eRecht24.de &#8211; Internetrecht von Rechtsanwalt S\u00f6ren Siebert Die Inhalte unserer Seiten wurden mit gr\u00f6\u00dfter Sorgfalt erstellt. F\u00fcr die Richtigkeit, Vollst\u00e4ndigkeit und Aktualit\u00e4t der [&hellip;]","og_url":"https:\/\/fischersv-zapfendorf.de\/?page_id=47","og_site_name":"Sportfischerverein Zapfendorf","article_modified_time":"2025-12-31T08:17:05+00:00","twitter_card":"summary_large_image","twitter_misc":{"Gesch\u00e4tzte Lesezeit":"3\u00a0Minuten"},"schema":{"@context":"https:\/\/schema.org","@graph":[{"@type":"WebPage","@id":"https:\/\/fischersv-zapfendorf.de\/?page_id=47","url":"https:\/\/fischersv-zapfendorf.de\/?page_id=47","name":"Impressum - Sportfischerverein Zapfendorf","isPartOf":{"@id":"https:\/\/fischersv-zapfendorf.de\/#website"},"datePublished":"2019-02-11T18:17:07+00:00","dateModified":"2025-12-31T08:17:05+00:00","breadcrumb":{"@id":"https:\/\/fischersv-zapfendorf.de\/?page_id=47#breadcrumb"},"inLanguage":"de","potentialAction":[{"@type":"ReadAction","target":["https:\/\/fischersv-zapfendorf.de\/?page_id=47"]}]},{"@type":"BreadcrumbList","@id":"https:\/\/fischersv-zapfendorf.de\/?page_id=47#breadcrumb","itemListElement":[{"@type":"ListItem","position":1,"name":"Startseite","item":"https:\/\/fischersv-zapfendorf.de\/"},{"@type":"ListItem","position":2,"name":"Impressum"}]},{"@type":"WebSite","@id":"https:\/\/fischersv-zapfendorf.de\/#website","url":"https:\/\/fischersv-zapfendorf.de\/","name":"Sportfischerverein Zapfendorf","description":"und Umgebung e.V.","potentialAction":[{"@type":"SearchAction","target":{"@type":"EntryPoint","urlTemplate":"https:\/\/fischersv-zapfendorf.de\/?s={search_term_string}"},"query-input":{"@type":"PropertyValueSpecification","valueRequired":true,"valueName":"search_term_string"}}],"inLanguage":"de"}]}},"_links":{"self":[{"href":"https:\/\/fischersv-zapfendorf.de\/index.php?rest_route=\/wp\/v2\/pages\/47","targetHints":{"allow":["GET"]}}],"collection":[{"href":"https:\/\/fischersv-zapfendorf.de\/index.php?rest_route=\/wp\/v2\/pages"}],"about":[{"href":"https:\/\/fischersv-zapfendorf.de\/index.php?rest_route=\/wp\/v2\/types\/page"}],"author":[{"embeddable":true,"href":"https:\/\/fischersv-zapfendorf.de\/index.php?rest_route=\/wp\/v2\/users\/1"}],"replies":[{"embeddable":true,"href":"https:\/\/fischersv-zapfendorf.de\/index.php?rest_route=%2Fwp%2Fv2%2Fcomments&post=47"}],"version-history":[{"count":6,"href":"https:\/\/fischersv-zapfendorf.de\/index.php?rest_route=\/wp\/v2\/pages\/47\/revisions"}],"predecessor-version":[{"id":769,"href":"https:\/\/fischersv-zapfendorf.de\/index.php?rest_route=\/wp\/v2\/pages\/47\/revisions\/769"}],"wp:attachment":[{"href":"https:\/\/fischersv-zapfendorf.de\/index.php?rest_route=%2Fwp%2Fv2%2Fmedia&parent=47"}],"curies":[{"name":"wp","href":"https:\/\/api.w.org\/{rel}","templated":true}]}}